{"id":6293,"date":"2024-07-08T09:19:47","date_gmt":"2024-07-08T13:19:47","guid":{"rendered":"https:\/\/delbarriovalpo.cl\/nuestracarta\/?page_id=6293"},"modified":"2025-02-19T12:51:40","modified_gmt":"2025-02-19T15:51:40","slug":"desayunos","status":"publish","type":"page","link":"https:\/\/delbarriovalpo.cl\/nuestracarta\/desayunos\/","title":{"rendered":"desayunos"},"content":{"rendered":"\t\t<div data-elementor-type=\"wp-page\" data-elementor-id=\"6293\" class=\"elementor elementor-6293\" data-elementor-post-type=\"page\">\n\t\t\t\t\t\t<section class=\"elementor-section elementor-top-section elementor-element elementor-element-350bfe9a elementor-section-height-min-height elementor-section-stretched elementor-section-boxed elementor-section-height-default elementor-section-items-middle\" data-id=\"350bfe9a\" data-element_type=\"section\" data-settings=\"{&quot;stretch_section&quot;:&quot;section-stretched&quot;,&quot;jet_parallax_layout_list&quot;:[],&quot;background_background&quot;:&quot;classic&quot;,&quot;shape_divider_bottom&quot;:&quot;split&quot;,&quot;sticky&quot;:&quot;top&quot;,&quot;sticky_on&quot;:[&quot;desktop&quot;,&quot;tablet&quot;,&quot;mobile&quot;],&quot;sticky_offset&quot;:0,&quot;sticky_effects_offset&quot;:0}\">\n\t\t\t\t\t<div class=\"elementor-shape elementor-shape-bottom\" data-negative=\"false\">\n\t\t\t<svg xmlns=\"http:\/\/www.w3.org\/2000\/svg\" viewBox=\"0 0 1000 20\" preserveAspectRatio=\"none\">\n\t<path class=\"elementor-shape-fill\" d=\"M0,0v3c0,0,393.8,0,483.4,0c9.2,0,16.6,7.4,16.6,16.6c0-9.1,7.4-16.6,16.6-16.6C606.2,3,1000,3,1000,3V0H0z\"\/>\n<\/svg>\t\t<\/div>\n\t\t\t\t\t<div class=\"elementor-container elementor-column-gap-no\">\n\t\t\t\t\t<div class=\"elementor-column elementor-col-100 elementor-top-column elementor-element elementor-element-50de943a\" data-id=\"50de943a\" data-element_type=\"column\">\n\t\t\t<div class=\"elementor-widget-wrap elementor-element-populated\">\n\t\t\t\t\t\t<div class=\"elementor-element elementor-element-7a382381 elementor-widget elementor-widget-spacer\" data-id=\"7a382381\" data-element_type=\"widget\" data-widget_type=\"spacer.default\">\n\t\t\t\t<div class=\"elementor-widget-container\">\n\t\t\t\t\t<div class=\"elementor-spacer\">\n\t\t\t<div class=\"elementor-spacer-inner\"><\/div>\n\t\t<\/div>\n\t\t\t\t<\/div>\n\t\t\t\t<\/div>\n\t\t\t\t<div class=\"elementor-element elementor-element-7ff81ccc elementor-nav-menu__align-center elementor-nav-menu--dropdown-none elementor-widget-mobile__width-initial elementor-widget elementor-widget-nav-menu\" data-id=\"7ff81ccc\" data-element_type=\"widget\" data-settings=\"{&quot;toggle_icon_hover_animation&quot;:&quot;grow&quot;,&quot;layout&quot;:&quot;horizontal&quot;,&quot;submenu_icon&quot;:{&quot;value&quot;:&quot;&lt;i class=\\&quot;fas fa-caret-down\\&quot;&gt;&lt;\\\/i&gt;&quot;,&quot;library&quot;:&quot;fa-solid&quot;}}\" data-widget_type=\"nav-menu.default\">\n\t\t\t\t<div class=\"elementor-widget-container\">\n\t\t\t\t\t\t<nav class=\"elementor-nav-menu--main elementor-nav-menu__container elementor-nav-menu--layout-horizontal e--pointer-background e--animation-fade\">\n\t\t\t\t<ul id=\"menu-1-7ff81ccc\" class=\"elementor-nav-menu\"><li class=\"menu-item menu-item-type-custom menu-item-object-custom menu-item-home menu-item-2887\"><a href=\"https:\/\/delbarriovalpo.cl\/nuestracarta\/#entradas\" class=\"elementor-item elementor-item-anchor\">Entradas<\/a><\/li>\n<li class=\"menu-item menu-item-type-custom menu-item-object-custom menu-item-home menu-item-2888\"><a href=\"https:\/\/delbarriovalpo.cl\/nuestracarta\/#fondos\" class=\"elementor-item elementor-item-anchor\">Fondos<\/a><\/li>\n<li class=\"menu-item menu-item-type-custom menu-item-object-custom menu-item-home menu-item-2889\"><a href=\"https:\/\/delbarriovalpo.cl\/nuestracarta\/#ensaladas\" class=\"elementor-item elementor-item-anchor\">Ensaladas<\/a><\/li>\n<li class=\"menu-item menu-item-type-custom menu-item-object-custom menu-item-home menu-item-2891\"><a href=\"https:\/\/delbarriovalpo.cl\/nuestracarta\/#sandwichs\" class=\"elementor-item elementor-item-anchor\">Sandwichs<\/a><\/li>\n<li class=\"menu-item menu-item-type-custom menu-item-object-custom menu-item-home menu-item-2892\"><a href=\"https:\/\/delbarriovalpo.cl\/nuestracarta\/#pizzas\" class=\"elementor-item elementor-item-anchor\">Pizzas<\/a><\/li>\n<li class=\"menu-item menu-item-type-custom menu-item-object-custom menu-item-home menu-item-2893\"><a href=\"https:\/\/delbarriovalpo.cl\/nuestracarta\/#tablas\" class=\"elementor-item elementor-item-anchor\">Tablas<\/a><\/li>\n<li class=\"menu-item menu-item-type-post_type menu-item-object-page menu-item-6407\"><a href=\"https:\/\/delbarriovalpo.cl\/nuestracarta\/desayunos\/\" class=\"elementor-item\">Desayunos<\/a><\/li>\n<li class=\"menu-item menu-item-type-post_type menu-item-object-page menu-item-6408\"><a href=\"https:\/\/delbarriovalpo.cl\/nuestracarta\/cafeteria\/\" class=\"elementor-item\">Cafeter\u00eda<\/a><\/li>\n<li class=\"menu-item menu-item-type-post_type menu-item-object-page menu-item-4632\"><a href=\"https:\/\/delbarriovalpo.cl\/nuestracarta\/tra\/\" class=\"elementor-item\">Tragos<\/a><\/li>\n<\/ul>\t\t\t<\/nav>\n\t\t\t\t\t\t<nav class=\"elementor-nav-menu--dropdown elementor-nav-menu__container\" aria-hidden=\"true\">\n\t\t\t\t<ul id=\"menu-2-7ff81ccc\" class=\"elementor-nav-menu\"><li class=\"menu-item menu-item-type-custom menu-item-object-custom menu-item-home menu-item-2887\"><a href=\"https:\/\/delbarriovalpo.cl\/nuestracarta\/#entradas\" class=\"elementor-item elementor-item-anchor\" tabindex=\"-1\">Entradas<\/a><\/li>\n<li class=\"menu-item menu-item-type-custom menu-item-object-custom menu-item-home menu-item-2888\"><a href=\"https:\/\/delbarriovalpo.cl\/nuestracarta\/#fondos\" class=\"elementor-item elementor-item-anchor\" tabindex=\"-1\">Fondos<\/a><\/li>\n<li class=\"menu-item menu-item-type-custom menu-item-object-custom menu-item-home menu-item-2889\"><a href=\"https:\/\/delbarriovalpo.cl\/nuestracarta\/#ensaladas\" class=\"elementor-item elementor-item-anchor\" tabindex=\"-1\">Ensaladas<\/a><\/li>\n<li class=\"menu-item menu-item-type-custom menu-item-object-custom menu-item-home menu-item-2891\"><a href=\"https:\/\/delbarriovalpo.cl\/nuestracarta\/#sandwichs\" class=\"elementor-item elementor-item-anchor\" tabindex=\"-1\">Sandwichs<\/a><\/li>\n<li class=\"menu-item menu-item-type-custom menu-item-object-custom menu-item-home menu-item-2892\"><a href=\"https:\/\/delbarriovalpo.cl\/nuestracarta\/#pizzas\" class=\"elementor-item elementor-item-anchor\" tabindex=\"-1\">Pizzas<\/a><\/li>\n<li class=\"menu-item menu-item-type-custom menu-item-object-custom menu-item-home menu-item-2893\"><a href=\"https:\/\/delbarriovalpo.cl\/nuestracarta\/#tablas\" class=\"elementor-item elementor-item-anchor\" tabindex=\"-1\">Tablas<\/a><\/li>\n<li class=\"menu-item menu-item-type-post_type menu-item-object-page menu-item-6407\"><a href=\"https:\/\/delbarriovalpo.cl\/nuestracarta\/desayunos\/\" class=\"elementor-item\" tabindex=\"-1\">Desayunos<\/a><\/li>\n<li class=\"menu-item menu-item-type-post_type menu-item-object-page menu-item-6408\"><a href=\"https:\/\/delbarriovalpo.cl\/nuestracarta\/cafeteria\/\" class=\"elementor-item\" tabindex=\"-1\">Cafeter\u00eda<\/a><\/li>\n<li class=\"menu-item menu-item-type-post_type menu-item-object-page menu-item-4632\"><a href=\"https:\/\/delbarriovalpo.cl\/nuestracarta\/tra\/\" class=\"elementor-item\" tabindex=\"-1\">Tragos<\/a><\/li>\n<\/ul>\t\t\t<\/nav>\n\t\t\t\t<\/div>\n\t\t\t\t<\/div>\n\t\t\t\t\t<\/div>\n\t\t<\/div>\n\t\t\t\t\t<\/div>\n\t\t<\/section>\n\t\t\t\t<section class=\"elementor-section elementor-top-section elementor-element elementor-element-5afab65 elementor-section-boxed elementor-section-height-default elementor-section-height-default\" data-id=\"5afab65\" data-element_type=\"section\" data-settings=\"{&quot;background_background&quot;:&quot;classic&quot;,&quot;jet_parallax_layout_list&quot;:[]}\">\n\t\t\t\t\t\t<div class=\"elementor-container elementor-column-gap-no\">\n\t\t\t\t\t<div class=\"elementor-column elementor-col-100 elementor-top-column elementor-element elementor-element-2a0049b6\" data-id=\"2a0049b6\" data-element_type=\"column\">\n\t\t\t<div class=\"elementor-widget-wrap elementor-element-populated\">\n\t\t\t\t\t\t<div class=\"elementor-element elementor-element-0b8369e elementor-widget elementor-widget-heading\" data-id=\"0b8369e\" data-element_type=\"widget\" data-widget_type=\"heading.default\">\n\t\t\t\t<div class=\"elementor-widget-container\">\n\t\t\t<h2 class=\"elementor-heading-title elementor-size-default\">DESAYUNO <br> <span data-elementor-setting-key=\"title\" data-pen-placeholder=\"Teclea aqu\u00ed...\" style=\"font-size: 2rem\">LUNES A VIERNES<\/span> <br>09:00 A 12:00 HRS<br>S\u00c1BADO Y DOMINGO <br>10:00 A 12:00HRS <br><br><\/h2>\t\t<\/div>\n\t\t\t\t<\/div>\n\t\t\t\t<div class=\"elementor-element elementor-element-2514f8c4 elementor-widget-tablet__width-initial elementor-widget elementor-widget-price-list\" data-id=\"2514f8c4\" data-element_type=\"widget\" data-widget_type=\"price-list.default\">\n\t\t\t\t<div class=\"elementor-widget-container\">\n\t\t\t\n\t\t<ul class=\"elementor-price-list\">\n\n\t\t\t\t\t\t\t\t\t<li><a class=\"elementor-price-list-item\" href=\"#\">\t\t\t\t\t\t\t\t\t<div class=\"elementor-price-list-image\">\n\t\t\t\t\t<img decoding=\"async\" src=\"https:\/\/delbarriovalpo.cl\/nuestracarta\/wp-content\/uploads\/2024\/07\/webdesayuno3-300x231.png\" alt=\"Desayuno  del Decano\" loading=\"lazy\" \/>\t\t\t\t<\/div>\n\t\t\t\t\n\t\t\t\t<div class=\"elementor-price-list-text\">\n\t\t\t\t\t\t\t\t\t<div class=\"elementor-price-list-header\">\n\t\t\t\t\t\t\t\t\t\t\t<span class=\"elementor-price-list-title\">\n\t\t\t\t\t\t\tDesayuno  del Decano\t\t\t\t\t\t<\/span>\n\t\t\t\t\t\t\t\t\t\t\t\t\t\t\t\t\t\t<span class=\"elementor-price-list-separator\"><\/span>\n\t\t\t\t\t\t\t\t\t\t\t\t\t\t\t\t\t\t\t<span class=\"elementor-price-list-price\">$8.500<\/span>\n\t\t\t\t\t\t\t\t\t\t<\/div>\n\t\t\t\t\t\t\t\t\t\t\t\t\t\t\t<p class=\"elementor-price-list-description\">\n\t\t\t\t\t\t\tT\u00e9 o Caf\u00e9 a elecci\u00f3n, Jugo individual, Media luna con o sin manjar, Tostada con palta.\t\t\t\t\t\t<\/p>\n\t\t\t\t\t\t\t\t<\/div>\n\t\t\t\t<\/a><\/li>\t\t\t\t\t\t\t\t\t\t\t\t<li><a class=\"elementor-price-list-item\" href=\"#\">\t\t\t\t\t\t\t\t\t<div class=\"elementor-price-list-image\">\n\t\t\t\t\t<img decoding=\"async\" src=\"https:\/\/delbarriovalpo.cl\/nuestracarta\/wp-content\/uploads\/2024\/07\/DSCF0214-300x253.png\" alt=\"Desayuno Porte\u00f1o\" loading=\"lazy\" \/>\t\t\t\t<\/div>\n\t\t\t\t\n\t\t\t\t<div class=\"elementor-price-list-text\">\n\t\t\t\t\t\t\t\t\t<div class=\"elementor-price-list-header\">\n\t\t\t\t\t\t\t\t\t\t\t<span class=\"elementor-price-list-title\">\n\t\t\t\t\t\t\tDesayuno Porte\u00f1o\t\t\t\t\t\t<\/span>\n\t\t\t\t\t\t\t\t\t\t\t\t\t\t\t\t\t\t<span class=\"elementor-price-list-separator\"><\/span>\n\t\t\t\t\t\t\t\t\t\t\t\t\t\t\t\t\t\t\t<span class=\"elementor-price-list-price\">$8.900<\/span>\n\t\t\t\t\t\t\t\t\t\t<\/div>\n\t\t\t\t\t\t\t\t\t\t\t\t\t\t\t<p class=\"elementor-price-list-description\">\n\t\t\t\t\t\t\tT\u00e9 o Caf\u00e9 a elecci\u00f3n, Jugo individual, Huevos fritos o revueltos, Tocino crocante o queso en lamina, Tostadas.\t\t\t\t\t\t<\/p>\n\t\t\t\t\t\t\t\t<\/div>\n\t\t\t\t<\/a><\/li>\t\t\t\t\t\t\t\t\t\t\t\t<li class=\"elementor-price-list-item\">\t\t\t\t\t\t\t\t\t<div class=\"elementor-price-list-image\">\n\t\t\t\t\t<img decoding=\"async\" src=\"https:\/\/delbarriovalpo.cl\/nuestracarta\/wp-content\/uploads\/2024\/07\/desayuno1s-300x200.png\" alt=\"Desayuno  Patrimonial \" loading=\"lazy\" \/>\t\t\t\t<\/div>\n\t\t\t\t\n\t\t\t\t<div class=\"elementor-price-list-text\">\n\t\t\t\t\t\t\t\t\t<div class=\"elementor-price-list-header\">\n\t\t\t\t\t\t\t\t\t\t\t<span class=\"elementor-price-list-title\">\n\t\t\t\t\t\t\tDesayuno  Patrimonial \t\t\t\t\t\t<\/span>\n\t\t\t\t\t\t\t\t\t\t\t\t\t\t\t\t\t\t<span class=\"elementor-price-list-separator\"><\/span>\n\t\t\t\t\t\t\t\t\t\t\t\t\t\t\t\t\t\t\t<span class=\"elementor-price-list-price\">$10.800<\/span>\n\t\t\t\t\t\t\t\t\t\t<\/div>\n\t\t\t\t\t\t\t\t\t\t\t\t\t\t\t<p class=\"elementor-price-list-description\">\n\t\t\t\t\t\t\tT\u00e9 o Caf\u00e9 a elecci\u00f3n, Tostadas con queso crema al ciboulette y topping de jam\u00f3n serrano o salm\u00f3n ahumado, \nCoctel estilo Mimosa del barrio,\nYogurt con Frutas, avena y toques de frutos secos.\t\t\t\t\t\t<\/p>\n\t\t\t\t\t\t\t\t<\/div>\n\t\t\t\t<\/li>\t\t\t\t\t\t\t\t\t\t\t\t<li><a class=\"elementor-price-list-item\" href=\"#\">\t\t\t\t\t\t\t\t\t<div class=\"elementor-price-list-image\">\n\t\t\t\t\t<img decoding=\"async\" src=\"https:\/\/delbarriovalpo.cl\/nuestracarta\/wp-content\/uploads\/2024\/07\/desyaunocompartir1-300x200.png\" alt=\" Desayuno Del Barrio\" loading=\"lazy\" \/>\t\t\t\t<\/div>\n\t\t\t\t\n\t\t\t\t<div class=\"elementor-price-list-text\">\n\t\t\t\t\t\t\t\t\t<div class=\"elementor-price-list-header\">\n\t\t\t\t\t\t\t\t\t\t\t<span class=\"elementor-price-list-title\">\n\t\t\t\t\t\t\t Desayuno Del Barrio\t\t\t\t\t\t<\/span>\n\t\t\t\t\t\t\t\t\t\t\t\t\t\t\t\t\t\t<span class=\"elementor-price-list-separator\"><\/span>\n\t\t\t\t\t\t\t\t\t\t\t\t\t\t\t\t\t\t\t<span class=\"elementor-price-list-price\">$15.300<\/span>\n\t\t\t\t\t\t\t\t\t\t<\/div>\n\t\t\t\t\t\t\t\t\t\t\t\t\t\t\t<p class=\"elementor-price-list-description\">\n\t\t\t\t\t\t\t2 T\u00e9 o Caf\u00e9 a elecci\u00f3n simple, 2 Jugos individual, 2 huevos fritos, 2 Huevos revueltos, 4 tostadas de pan marraqueta o molde, Porci\u00f3n de mantequilla o queso crema, Porci\u00f3n Palta Molida, Tocino Crocante, Yogurt con avena, Frutas y topping de frutos secos.\t\t\t\t\t\t<\/p>\n\t\t\t\t\t\t\t\t<\/div>\n\t\t\t\t<\/a><\/li>\t\t\t\t\t\n\t\t<\/ul>\n\n\t\t\t\t<\/div>\n\t\t\t\t<\/div>\n\t\t\t\t\t<\/div>\n\t\t<\/div>\n\t\t\t\t\t<\/div>\n\t\t<\/section>\n\t\t\t\t<\/div>\n\t\t","protected":false},"excerpt":{"rendered":"<p>DESAYUNO LUNES A VIERNES 09:00 A 12:00 HRSS\u00c1BADO Y DOMINGO 10:00 A 12:00HRS Desayuno del Decano $8.500 T\u00e9 o Caf\u00e9 a elecci\u00f3n, Jugo individual, Media luna con o sin manjar, Tostada con palta. Desayuno Porte\u00f1o $8.900 T\u00e9 o Caf\u00e9 a elecci\u00f3n, Jugo individual, Huevos fritos o revueltos, Tocino crocante o queso en lamina, Tostadas. Desayuno [&hellip;]<\/p>\n","protected":false},"author":1,"featured_media":0,"parent":0,"menu_order":0,"comment_status":"closed","ping_status":"closed","template":"elementor_header_footer","meta":{"_acf_changed":false,"footnotes":""},"class_list":["post-6293","page","type-page","status-publish","hentry"],"acf":[],"_links":{"self":[{"href":"https:\/\/delbarriovalpo.cl\/nuestracarta\/wp-json\/wp\/v2\/pages\/6293","targetHints":{"allow":["GET"]}}],"collection":[{"href":"https:\/\/delbarriovalpo.cl\/nuestracarta\/wp-json\/wp\/v2\/pages"}],"about":[{"href":"https:\/\/delbarriovalpo.cl\/nuestracarta\/wp-json\/wp\/v2\/types\/page"}],"author":[{"embeddable":true,"href":"https:\/\/delbarriovalpo.cl\/nuestracarta\/wp-json\/wp\/v2\/users\/1"}],"replies":[{"embeddable":true,"href":"https:\/\/delbarriovalpo.cl\/nuestracarta\/wp-json\/wp\/v2\/comments?post=6293"}],"version-history":[{"count":212,"href":"https:\/\/delbarriovalpo.cl\/nuestracarta\/wp-json\/wp\/v2\/pages\/6293\/revisions"}],"predecessor-version":[{"id":7072,"href":"https:\/\/delbarriovalpo.cl\/nuestracarta\/wp-json\/wp\/v2\/pages\/6293\/revisions\/7072"}],"wp:attachment":[{"href":"https:\/\/delbarriovalpo.cl\/nuestracarta\/wp-json\/wp\/v2\/media?parent=6293"}],"curies":[{"name":"wp","href":"https:\/\/api.w.org\/{rel}","templated":true}]}}